{"id":15909,"date":"2018-01-18T13:18:16","date_gmt":"2018-01-18T11:18:16","guid":{"rendered":"https:\/\/www.essenzial.com?page_id=15909"},"modified":"2025-07-31T18:39:52","modified_gmt":"2025-07-31T16:39:52","slug":"contact-form","status":"publish","type":"page","link":"https:\/\/www.essenzial.com\/en\/contact-form","title":{"rendered":"Contact Form"},"content":{"rendered":"<div class=\"wpb-content-wrapper\">[vc_row el_id=&#8221;historias-de-exito&#8221; el_class=&#8221;fetchprio&#8221; css=&#8221;.vc_custom_1753979886365{background-image: url(https:\/\/www.essenzial.com\/wp-content\/uploads\/Essenzial-Plataforma-Digital-Fundaciones-Header3.jpg?id=23563) !important;}&#8221;][vc_column][vc_empty_space height=&#8221;140px&#8221;]<style type=\"text\/css\">.vc_custom_1682501348200{margin-top: 20px !important;}<\/style>[vc_row][vc_column el_class=\"invertir-color-logos\"][vc_empty_space height=\"20px\"][vc_column_text css=\"\" el_class=\"text-center\"]\r\n<h2 style=\"text-transform: none; margin-top: 0; text-align: center;\">These organizations already trust Essenzial<\/h2>\r\n[\/vc_column_text]<div id=\"ult-carousel-292243226169eb7e4065328\" class=\"ult-carousel-wrapper  vc_custom_1682501348200  ult_horizontal\" data-gutter=\"15\" data-rtl=\"false\" ><div class=\"ult-carousel-317085855869eb7e40652ea \" ><div class=\"ult-item-wrap\" data-animation=\"animated no-animation\"><div class=\"aio-icon-component    style_1\"><div id=\"Info-box-wrap-5645\" class=\"aio-icon-box top-icon\" style=\"\"  ><div class=\"aio-icon-top\"><div class=\"ult-item-wrap\" data-animation=\"animated no-animation\"><div class=\"ult-just-icon-wrapper  \"><div class=\"align-icon\" style=\"text-align:center;\">\n<div class=\"aio-icon-img \" style=\"font-size:px;display:inline-block;\" >\n\t<img decoding=\"async\" class=\"img-icon\" alt=\"null\" src=\"https:\/\/www.essenzial.com\/wp-content\/uploads\/logo-cei-vertical-200x200-blanco.png\"\/>\n<\/div><\/div><\/div><\/div><\/div><\/div> <!-- aio-icon-box --><\/div> <!-- aio-icon-component --><\/div><div class=\"ult-item-wrap\" data-animation=\"animated no-animation\"><div class=\"aio-icon-component    style_1\"><div id=\"Info-box-wrap-4887\" class=\"aio-icon-box top-icon\" style=\"\"  ><div class=\"aio-icon-top\"><div class=\"ult-item-wrap\" data-animation=\"animated no-animation\"><div class=\"ult-just-icon-wrapper  \"><div class=\"align-icon\" style=\"text-align:center;\">\n<div class=\"aio-icon-img \" style=\"font-size:px;display:inline-block;\" >\n\t<img decoding=\"async\" class=\"img-icon\" alt=\"Neumomadrid\" src=\"https:\/\/www.essenzial.com\/wp-content\/uploads\/neumomadrid-logo-1.png\"\/>\n<\/div><\/div><\/div><\/div><\/div><\/div> <!-- aio-icon-box --><\/div> <!-- aio-icon-component --><\/div><div class=\"ult-item-wrap\" data-animation=\"animated no-animation\"><div class=\"aio-icon-component    style_1\"><div id=\"Info-box-wrap-9754\" class=\"aio-icon-box top-icon\" style=\"\"  ><div class=\"aio-icon-top\"><div class=\"ult-item-wrap\" data-animation=\"animated no-animation\"><div class=\"ult-just-icon-wrapper  \"><div class=\"align-icon\" style=\"text-align:center;\">\n<div class=\"aio-icon-img \" style=\"font-size:px;display:inline-block;\" >\n\t<img decoding=\"async\" class=\"img-icon\" alt=\"Asociaci\u00f3n Espa\u00f1ola Contra el C\u00e1ncer\" src=\"https:\/\/www.essenzial.com\/wp-content\/uploads\/aecc-logo-2.png\"\/>\n<\/div><\/div><\/div><\/div><\/div><\/div> <!-- aio-icon-box --><\/div> <!-- aio-icon-component --><\/div><div class=\"ult-item-wrap\" data-animation=\"animated no-animation\"><div class=\"aio-icon-component    style_1\"><div id=\"Info-box-wrap-1149\" class=\"aio-icon-box top-icon\" style=\"\"  ><div class=\"aio-icon-top\"><div class=\"ult-item-wrap\" data-animation=\"animated no-animation\"><div class=\"ult-just-icon-wrapper  \"><div class=\"align-icon\" style=\"text-align:center;\">\n<div class=\"aio-icon-img \" style=\"font-size:px;display:inline-block;\" >\n\t<img decoding=\"async\" class=\"img-icon\" alt=\"Adelgar\" src=\"https:\/\/www.essenzial.com\/wp-content\/uploads\/adelgar-logo.png\"\/>\n<\/div><\/div><\/div><\/div><\/div><\/div> <!-- aio-icon-box --><\/div> <!-- aio-icon-component --><\/div><div class=\"ult-item-wrap\" data-animation=\"animated no-animation\"><div class=\"aio-icon-component    style_1\"><div id=\"Info-box-wrap-3084\" class=\"aio-icon-box top-icon\" style=\"\"  ><div class=\"aio-icon-top\"><div class=\"ult-item-wrap\" data-animation=\"animated no-animation\"><div class=\"ult-just-icon-wrapper  \"><div class=\"align-icon\" style=\"text-align:center;\">\n<div class=\"aio-icon-img \" style=\"font-size:px;display:inline-block;\" >\n\t<img decoding=\"async\" class=\"img-icon\" alt=\"PHS Serkonten\" src=\"https:\/\/www.essenzial.com\/wp-content\/uploads\/phs-logo.png\"\/>\n<\/div><\/div><\/div><\/div><\/div><\/div> <!-- aio-icon-box --><\/div> <!-- aio-icon-component --><\/div><div class=\"ult-item-wrap\" data-animation=\"animated no-animation\"><div class=\"aio-icon-component    style_1\"><div id=\"Info-box-wrap-2875\" class=\"aio-icon-box top-icon\" style=\"\"  ><div class=\"aio-icon-top\"><div class=\"ult-item-wrap\" data-animation=\"animated no-animation\"><div class=\"ult-just-icon-wrapper  \"><div class=\"align-icon\" style=\"text-align:center;\">\n<div class=\"aio-icon-img \" style=\"font-size:px;display:inline-block;\" >\n\t<img decoding=\"async\" class=\"img-icon\" alt=\"Alsa\" src=\"https:\/\/www.essenzial.com\/wp-content\/uploads\/alsa-logo.png\"\/>\n<\/div><\/div><\/div><\/div><\/div><\/div> <!-- aio-icon-box --><\/div> <!-- aio-icon-component --><\/div><div class=\"ult-item-wrap\" data-animation=\"animated no-animation\"><div class=\"aio-icon-component    style_1\"><div id=\"Info-box-wrap-5718\" class=\"aio-icon-box top-icon\" style=\"\"  ><div class=\"aio-icon-top\"><div class=\"ult-item-wrap\" data-animation=\"animated no-animation\"><div class=\"ult-just-icon-wrapper  \"><div class=\"align-icon\" style=\"text-align:center;\">\n<div class=\"aio-icon-img \" style=\"font-size:px;display:inline-block;\" >\n\t<img decoding=\"async\" class=\"img-icon\" alt=\"Serlock Media\" src=\"https:\/\/www.essenzial.com\/wp-content\/uploads\/serlock-logo.png\"\/>\n<\/div><\/div><\/div><\/div><\/div><\/div> <!-- aio-icon-box --><\/div> <!-- aio-icon-component --><\/div><div class=\"ult-item-wrap\" data-animation=\"animated no-animation\"><div class=\"aio-icon-component    style_1\"><div id=\"Info-box-wrap-3877\" class=\"aio-icon-box top-icon\" style=\"\"  ><div class=\"aio-icon-top\"><div class=\"ult-item-wrap\" data-animation=\"animated no-animation\"><div class=\"ult-just-icon-wrapper  \"><div class=\"align-icon\" style=\"text-align:center;\">\n<div class=\"aio-icon-img \" style=\"font-size:px;display:inline-block;\" >\n\t<img decoding=\"async\" class=\"img-icon\" alt=\"Boxspace\" src=\"https:\/\/www.essenzial.com\/wp-content\/uploads\/boxspace-logo.png\"\/>\n<\/div><\/div><\/div><\/div><\/div><\/div> <!-- aio-icon-box --><\/div> <!-- aio-icon-component --><\/div><div class=\"ult-item-wrap\" data-animation=\"animated no-animation\"><div class=\"aio-icon-component    style_1\"><div id=\"Info-box-wrap-5721\" class=\"aio-icon-box top-icon\" style=\"\"  ><div class=\"aio-icon-top\"><div class=\"ult-item-wrap\" data-animation=\"animated no-animation\"><div class=\"ult-just-icon-wrapper  \"><div class=\"align-icon\" style=\"text-align:center;\">\n<div class=\"aio-icon-img \" style=\"font-size:px;display:inline-block;\" >\n\t<img decoding=\"async\" class=\"img-icon\" alt=\"null\" src=\"https:\/\/www.essenzial.com\/wp-content\/uploads\/logo-til-white-400x400-1.png\"\/>\n<\/div><\/div><\/div><\/div><\/div><\/div> <!-- aio-icon-box --><\/div> <!-- aio-icon-component --><\/div><div class=\"ult-item-wrap\" data-animation=\"animated no-animation\"><div class=\"aio-icon-component    style_1\"><div id=\"Info-box-wrap-2299\" class=\"aio-icon-box top-icon\" style=\"\"  ><div class=\"aio-icon-top\"><div class=\"ult-item-wrap\" data-animation=\"animated no-animation\"><div class=\"ult-just-icon-wrapper  \"><div class=\"align-icon\" style=\"text-align:center;\">\n<div class=\"aio-icon-img \" style=\"font-size:px;display:inline-block;\" >\n\t<img decoding=\"async\" class=\"img-icon\" alt=\"Acci\u00f3n contra el Hambre\" src=\"https:\/\/www.essenzial.com\/wp-content\/uploads\/accion-contra-el-hambre-logo-1.png\"\/>\n<\/div><\/div><\/div><\/div><\/div><\/div> <!-- aio-icon-box --><\/div> <!-- aio-icon-component --><\/div><div class=\"ult-item-wrap\" data-animation=\"animated no-animation\"><div class=\"aio-icon-component    style_1\"><div id=\"Info-box-wrap-2933\" class=\"aio-icon-box top-icon\" style=\"\"  ><div class=\"aio-icon-top\"><div class=\"ult-item-wrap\" data-animation=\"animated no-animation\"><div class=\"ult-just-icon-wrapper  \"><div class=\"align-icon\" style=\"text-align:center;\">\n<div class=\"aio-icon-img \" style=\"font-size:px;display:inline-block;\" >\n\t<img decoding=\"async\" class=\"img-icon\" alt=\"Adespro\" src=\"https:\/\/www.essenzial.com\/wp-content\/uploads\/adespro-logo-2.png\"\/>\n<\/div><\/div><\/div><\/div><\/div><\/div> <!-- aio-icon-box --><\/div> <!-- aio-icon-component --><\/div><div class=\"ult-item-wrap\" data-animation=\"animated no-animation\"><div class=\"aio-icon-component    style_1\"><div id=\"Info-box-wrap-2511\" class=\"aio-icon-box top-icon\" style=\"\"  ><div class=\"aio-icon-top\"><div class=\"ult-item-wrap\" data-animation=\"animated no-animation\"><div class=\"ult-just-icon-wrapper  \"><div class=\"align-icon\" style=\"text-align:center;\">\n<div class=\"aio-icon-img \" style=\"font-size:px;display:inline-block;\" >\n\t<img decoding=\"async\" class=\"img-icon\" alt=\"Impulsa Igualdad\" src=\"https:\/\/www.essenzial.com\/wp-content\/uploads\/logo-predif-clientes-200x200-bn.png\"\/>\n<\/div><\/div><\/div><\/div><\/div><\/div> <!-- aio-icon-box --><\/div> <!-- aio-icon-component --><\/div><div class=\"ult-item-wrap\" data-animation=\"animated no-animation\"><div class=\"aio-icon-component    style_1\"><div id=\"Info-box-wrap-6738\" class=\"aio-icon-box top-icon\" style=\"\"  ><div class=\"aio-icon-top\"><div class=\"ult-item-wrap\" data-animation=\"animated no-animation\"><div class=\"ult-just-icon-wrapper  \"><div class=\"align-icon\" style=\"text-align:center;\">\n<div class=\"aio-icon-img \" style=\"font-size:px;display:inline-block;\" >\n\t<img decoding=\"async\" class=\"img-icon\" alt=\"Intersindical Salut\" src=\"https:\/\/www.essenzial.com\/wp-content\/uploads\/IS-Logo-1.png\"\/>\n<\/div><\/div><\/div><\/div><\/div><\/div> <!-- aio-icon-box --><\/div> <!-- aio-icon-component --><\/div><div class=\"ult-item-wrap\" data-animation=\"animated no-animation\"><div class=\"aio-icon-component    style_1\"><div id=\"Info-box-wrap-1517\" class=\"aio-icon-box top-icon\" style=\"\"  ><div class=\"aio-icon-top\"><div class=\"ult-item-wrap\" data-animation=\"animated no-animation\"><div class=\"ult-just-icon-wrapper  \"><div class=\"align-icon\" style=\"text-align:center;\">\n<div class=\"aio-icon-img \" style=\"font-size:px;display:inline-block;\" >\n\t<img decoding=\"async\" class=\"img-icon\" alt=\"Respirama\" src=\"https:\/\/www.essenzial.com\/wp-content\/uploads\/respirama-logo.png\"\/>\n<\/div><\/div><\/div><\/div><\/div><\/div> <!-- aio-icon-box --><\/div> <!-- aio-icon-component --><\/div><div class=\"ult-item-wrap\" data-animation=\"animated no-animation\"><div class=\"aio-icon-component    style_1\"><div id=\"Info-box-wrap-8545\" class=\"aio-icon-box top-icon\" style=\"\"  ><div class=\"aio-icon-top\"><div class=\"ult-item-wrap\" data-animation=\"animated no-animation\"><div class=\"ult-just-icon-wrapper  \"><div class=\"align-icon\" style=\"text-align:center;\">\n<div class=\"aio-icon-img \" style=\"font-size:px;display:inline-block;\" >\n\t<img decoding=\"async\" class=\"img-icon\" alt=\"iCloudFIS\" src=\"https:\/\/www.essenzial.com\/wp-content\/uploads\/icloudfis-logo.png\"\/>\n<\/div><\/div><\/div><\/div><\/div><\/div> <!-- aio-icon-box --><\/div> <!-- aio-icon-component --><\/div><\/div><\/div>\t\t\t<script type=\"text\/javascript\">\n\t\t\t\tjQuery(document).ready(function ($) {\n\t\t\t\t\tif( typeof jQuery('.ult-carousel-317085855869eb7e40652ea').slick == \"function\"){\n\t\t\t\t\t\t$('.ult-carousel-317085855869eb7e40652ea').slick({dots: false,autoplay: true,autoplaySpeed: \"3000\",speed: \"500\",infinite: true,arrows: false,slidesToScroll:6,slidesToShow:6,swipe: true,draggable: true,touchMove: true,pauseOnHover: true,pauseOnFocus: false,responsive: [\n\t\t\t\t\t\t\t{\n\t\t\t\t\t\t\t  breakpoint: 1026,\n\t\t\t\t\t\t\t  settings: {\n\t\t\t\t\t\t\t\tslidesToShow: 6,\n\t\t\t\t\t\t\t\tslidesToScroll: 6,  \n\t\t\t\t\t\t\t  }\n\t\t\t\t\t\t\t},\n\t\t\t\t\t\t\t{\n\t\t\t\t\t\t\t  breakpoint: 1025,\n\t\t\t\t\t\t\t  settings: {\n\t\t\t\t\t\t\t\tslidesToShow: 3,\n\t\t\t\t\t\t\t\tslidesToScroll: 3\n\t\t\t\t\t\t\t  }\n\t\t\t\t\t\t\t},\n\t\t\t\t\t\t\t{\n\t\t\t\t\t\t\t  breakpoint: 760,\n\t\t\t\t\t\t\t  settings: {\n\t\t\t\t\t\t\t\tslidesToShow: 2,\n\t\t\t\t\t\t\t\tslidesToScroll: 2\n\t\t\t\t\t\t\t  }\n\t\t\t\t\t\t\t}\n\t\t\t\t\t\t],pauseOnDotsHover: true,customPaging: function(slider, i) {\n                   return '<i type=\"button\" style= \"color:#333333;\" class=\"ultsl-record\" data-role=\"none\"><\/i>';\n                },});\n\t\t\t\t\t}\n\t\t\t\t});\n\t\t\t<\/script>\n\t\t\t[\/vc_column][\/vc_row][\/vc_column][\/vc_row][vc_row gap=&#8221;35&#8243; el_class=&#8221;cont-previsualizacion-texto&#8221; el_id=&#8221;contactar&#8221; css=&#8221;.vc_custom_1753979989835{margin-top: 40px !important;}&#8221;][vc_column el_class=&#8221;columna_der&#8221; offset=&#8221;vc_col-lg-6 vc_col-md-8&#8243;]<div class=\"ult-content-box-container mapa-areas imagen2 forms-sin-cabeceras\" >\t\t<div class=\"ult-content-box\" style=\"box-shadow: px px px px none;-webkit-transition: all 700ms ease;-moz-transition: all 700ms ease;-ms-transition: all 700ms ease;-o-transition: all 700ms ease;transition: all 700ms ease;\"  data-hover_box_shadow=\"none\"    >[vc_column_text]\r\n<h4 style=\"color: #ed7630; font-weight: bold; text-shadow: none; padding: 0;\">Let&#8217;s talk!<\/h4>\r\n[\/vc_column_text][vc_raw_html css=&#8221;.vc_custom_1709460443573{margin-bottom: 0px !important;}&#8221;]JTVCZ3Jhdml0eWZvcm0lMjBpZCUzRCUyMjY0JTIyJTIwdGl0bGUlM0QlMjJmYWxzZSUyMiUyMGRlc2NyaXB0aW9uJTNEJTIyZmFsc2UlMjIlMjBhamF4JTNEJTIydHJ1ZSUyMiUyMGZpZWxkX3ZhbHVlcyUzRCUyMlNvbGljaXR1ZCUzRENPTlRBQ1RBUiUyNlRhYmxhJTNETEVBRCUyNkZhc2UlM0RJbmljaW8lMjIlNUQ=[\/vc_raw_html]\t\t<\/div><\/div>[\/vc_column][vc_column el_class=&#8221;columna_izq&#8221; offset=&#8221;vc_col-lg-6 vc_col-md-4&#8243;][vc_column_text css=&#8221;.vc_custom_1684667392344{margin-bottom: 0px !important;}&#8221; el_class=&#8221;text-center&#8221;]\r\n<h3 style=\"font-weight: 600; padding: 0; margin: 0;\">Join our Success Stories<\/h3>\r\n<div class=\"division-naranja\"><\/div>\r\n[\/vc_column_text]<div class=\"aio-icon-component   info_bloques style_1\"><div id=\"Info-box-wrap-8165\" class=\"aio-icon-box default-icon\" style=\"\"  ><div class=\"aio-icon-description ult-responsive\"  data-ultimate-target='#Info-box-wrap-8165 .aio-icon-description'  data-responsive-json-new='{\"font-size\":\"\",\"line-height\":\"\"}'  style=\"\">\r\n<ul>\r\n \t<li class=\"texto_bloque\" style=\"text-align: left;\">Leave&#8217;s a message and book an <span class=\"resaltar negro\">Appointment<\/span>.<\/li>\r\n \t<li class=\"texto_bloque\" style=\"text-align: left;\">Start your <span class=\"resaltar negro\">free trial<\/span> today.<\/li>\r\n \t<li class=\"texto_bloque\" style=\"text-align: left;\">Take your organization to the <span class=\"resaltar negro\">next level<\/span>.<\/li>\r\n<\/ul>\r\n<\/div> <!-- description --><\/div> <!-- aio-icon-box --><\/div> <!-- aio-icon-component --><div class=\"ult-spacer spacer-69eb7e4067a7d\" data-id=\"69eb7e4067a7d\" data-height=\"100\" data-height-mobile=\"0\" data-height-tab=\"50\" data-height-tab-portrait=\"0\" data-height-mobile-landscape=\"0\" style=\"clear:both;display:block;\"><\/div>[\/vc_column][\/vc_row][vc_row bg_type=&#8221;bg_color&#8221; bg_override=&#8221;full&#8221; seperator_enable=&#8221;seperator_enable_value&#8221; seperator_type=&#8221;tilt_right_seperator&#8221; seperator_position=&#8221;bottom_seperator&#8221; el_class=&#8221;oscurece&#8221; bg_color_value=&#8221;#f9f5f2&#8243;][vc_column]<div class=\"ult-spacer spacer-69eb7e4067ab5\" data-id=\"69eb7e4067ab5\" data-height=\"1\" data-height-mobile=\"1\" data-height-tab=\"1\" data-height-tab-portrait=\"1\" data-height-mobile-landscape=\"1\" style=\"clear:both;display:block;\"><\/div>[\/vc_column][\/vc_row]<\/div>","protected":false},"excerpt":{"rendered":"Contact us","protected":false},"author":1,"featured_media":0,"parent":0,"menu_order":1,"comment_status":"closed","ping_status":"closed","template":"","meta":{"_acf_changed":false,"footnotes":""},"class_list":["post-15909","page","type-page","status-publish","hentry"],"acf":[],"_links":{"self":[{"href":"https:\/\/www.essenzial.com\/en\/wp-json\/wp\/v2\/pages\/15909","targetHints":{"allow":["GET"]}}],"collection":[{"href":"https:\/\/www.essenzial.com\/en\/wp-json\/wp\/v2\/pages"}],"about":[{"href":"https:\/\/www.essenzial.com\/en\/wp-json\/wp\/v2\/types\/page"}],"author":[{"embeddable":true,"href":"https:\/\/www.essenzial.com\/en\/wp-json\/wp\/v2\/users\/1"}],"replies":[{"embeddable":true,"href":"https:\/\/www.essenzial.com\/en\/wp-json\/wp\/v2\/comments?post=15909"}],"version-history":[{"count":0,"href":"https:\/\/www.essenzial.com\/en\/wp-json\/wp\/v2\/pages\/15909\/revisions"}],"wp:attachment":[{"href":"https:\/\/www.essenzial.com\/en\/wp-json\/wp\/v2\/media?parent=15909"}],"curies":[{"name":"wp","href":"https:\/\/api.w.org\/{rel}","templated":true}]}}