{"id":15889,"date":"2018-01-18T13:00:55","date_gmt":"2018-01-18T11:00:55","guid":{"rendered":"https:\/\/www.essenzial.com?page_id=15889"},"modified":"2025-07-30T19:35:24","modified_gmt":"2025-07-30T17:35:24","slug":"privacy-policy","status":"publish","type":"page","link":"https:\/\/www.essenzial.com\/en\/privacy-policy","title":{"rendered":"Privacy Policy"},"content":{"rendered":"<div class=\"wpb-content-wrapper\"><p>[vc_row parallax_content=&#8221;parallax_content_value&#8221; parallax_content_sense=&#8221;75&#8243; fadeout_row=&#8221;fadeout_row_value&#8221; fadeout_start_effect=&#8221;20&#8243; seperator_enable=&#8221;off&#8221; el_class=&#8221;fetchprio&#8221; css=&#8221;.vc_custom_1753896885077{background-color: #489DD6 !important;}&#8221;][vc_column][vc_row_inner el_class=&#8221;cabecera-essenzial&#8221;][vc_column_inner]<div class=\"Cabecera_Pagina\"><h2>Privacy Policy<\/h2><\/div>[\/vc_column_inner][\/vc_row_inner][\/vc_column][\/vc_row][vc_row css=&#8221;.vc_custom_1615319458608{padding-top: 30px !important;}&#8221;][vc_column][vc_column_text]<\/p>\r\n<h4>1. Tratamiento de datos de car\u00e1cter personal<\/h4>\r\n<p style=\"text-align: left;\">1.1. Los datos de car\u00e1cter personal que proporcione el Cliente (datos de contacto: nombre, apellidos, direcci\u00f3n postal, direcci\u00f3n de correo electr\u00f3nica) formar\u00e1n parte de un fichero titularidad de la compa\u00f1\u00eda Essenzial Spain, S.L., con direcci\u00f3n en C\/ Luis Bu\u00f1uel, 2 &#8211; planta 0, oficina F (Edificio EGEDA &#8211; Ciudad de la Imagen) &#8211; 28223 Pozuelo de Alarc\u00f3n &#8211; Madrid, Espa\u00f1a, con la finalidad de gestionar la relaci\u00f3n como cliente. Le comunicamos que los datos que usted nos facilite quedar\u00e1n incorporados en nuestro registro interno de actividades de tratamiento y ser\u00e1n tratados con el fin de poder dar adecuado cumplimiento de las obligaciones legales adquiridas, as\u00ed como mantenerle informado sobre cuestiones relativas a las actividades de la empresa y los servicios por esta prestados. Los datos proporcionados se conservar\u00e1n mientras se mantenga la relaci\u00f3n comercial o durante los a\u00f1os necesarios para cumplir con las obligaciones legales. As\u00ed mismo, los datos no ser\u00e1n cedidos a terceros salvo en aquellos casos en que exista una obligaci\u00f3n legal.<\/p>\r\n<p style=\"text-align: left;\">1.2. Para ofrecerle productos o servicios y fidelizarle mediante env\u00edo de ofertas y promociones v\u00eda email, sms, fax, correo postal, etc., solicitaremos su autorizaci\u00f3n expresa a trav\u00e9s de una casilla para tal efecto en nuestros formularios de contacto.<\/p>\r\n<p style=\"text-align: left;\">1.3. ESSENZIAL.COM manifiesta que toda la informaci\u00f3n ser\u00e1 tratada de forma confidencial, as\u00ed como la efectiva implementaci\u00f3n de todas las medidas de seguridad que garanticen la seguridad de sus datos de car\u00e1cter personal.<\/p>\r\n<p style=\"text-align: left;\">1.4. El Cliente podr\u00e1 en cualquier momento ejercer los derechos de acceso, rectificaci\u00f3n, oposici\u00f3n o cancelaci\u00f3n, para ello ha de remitir una carta a la direcci\u00f3n indicada anteriormente,\u00a0manifestando el derecho que desea ejercer adjuntando una copia del Documento Nacional de Identidad, o documentaci\u00f3n similar a la direcci\u00f3n de\u00a0correo electr\u00f3nico <a href=\"mailto:admin@essenzial.com\">admin@essenzial.com<\/a><\/p>\r\n<p style=\"text-align: left;\">1.5. <em><strong>El Cliente, en caso de contratar la puesta en marcha y el mantenimiento de cualquier soluci\u00f3n\u00a0online de nuestro portfolio, se compromete a desarrollar, publicar y mantener su propia pol\u00edtica de privacidad y las notas legales que apliquen a su negocio\u00a0online, de acuerdo con la legislaci\u00f3n vigente. ESSENZIAL SPAIN S.L. no verificar\u00e1 ni ser\u00e1 responsable del incumplimiento en que pueda incurrir el CLIENTE con motivo de la falta de verificaci\u00f3n de esta obligaci\u00f3n<\/strong><\/em>.<\/p>\r\n<p>&nbsp;<\/p>\r\n<h4>2. Cookies<\/h4>\r\n<p style=\"text-align: left;\">2.1. Con la finalidad de agilizar el servicio ofrecido, ESSENZIAL.COM podr\u00eda utilizar &#8220;cookies&#8221;, para ofrecerle un servicio mejor y m\u00e1s personalizado. Esta &#8220;cookie&#8221; se instala cuando comienza la sesi\u00f3n de navegaci\u00f3n en\u00a0el sitio web de ESSENZIAL.COM. Si el Usuario no desea que se instale en su disco duro una &#8220;cookie&#8221;, debe configurar su navegador para no recibirlas, utilizando para este procedimiento el recomendado por su navegador, o bien eliminarla directamente en su ordenador.<\/p>\r\n<p style=\"text-align: left;\">2.2. En caso de eliminaci\u00f3n de las \u201ccookies\u201d, la rapidez y calidad en el funcionamiento de los servicios de ESSENZIAL.COM podr\u00eda disminuir.<br \/>\r\nESSENZIAL.COM va a guardar su ruta de navegaci\u00f3n para adaptar nuestros servicios lo m\u00e1ximo posible a sus preferencias. El Usuario consiente expresamente la utilizaci\u00f3n de &#8220;cookies&#8221; por ESSENZIAL.COM, sin que sea necesario de nuevo solicitarle su consentimiento cada vez que entre en nuestro sitio web.<\/p>\r\n<p style=\"text-align: left;\">2.3. Para mayor informaci\u00f3n, puede consultar la <a href=\"https:\/\/www.essenzial.com\/politica-de-cookies\">Pol\u00edtica de Cookies en este enlace<\/a>.<\/p>\r\n<p>&nbsp;<\/p>\r\n<h4>3. Encargado del tratamiento.<\/h4>\r\n<p style=\"text-align: left;\">En caso de contrataci\u00f3n de los servicios de puesta en marcha y creaci\u00f3n de cualquiera de las soluciones\u00a0online de nuestro portfolio, ser\u00e1n de aplicaci\u00f3n los siguientes preceptos:<\/p>\r\n<p style=\"text-align: left;\">3.1. El Cliente es el responsable de los datos obtenidos a trav\u00e9s de su soluci\u00f3n\u00a0online.<br \/>\r\n3.2. El Cliente asume la responsabilidad en materia de cumplimiento normativo y deber\u00e1 cumplir con las obligaciones que le corresponden como titular del fichero.<br \/>\r\n3.3. ESSENZIAL.COM prestara servicios para la soluci\u00f3n\u00a0online actuando por cuenta y en nombre del responsable, actuando por lo tanto en calidad de encargado del tratamiento al amparo de lo contemplado en el art\u00edculo 12 de la Ley 15\/1999 de 13 de diciembre de protecci\u00f3n de datos de car\u00e1cter personal (LOPD) y en los art\u00edculos 20 y siguientes del Real Decreto 1720\/2007 de 21 de diciembre, que aprueba el Reglamento que desarrolla la LOPD, con arreglo a lo dispuesto en el Reglamento (UE) 2016\/679, de 27 de abril de 2016,<i> de Protecci\u00f3n de Datos de Car\u00e1cter Personal<\/i> y del RGPD de 25 de Mayo de 2018.<br \/>\r\n3.4. ESSENZIAL.COM se compromete a guardar la m\u00e1xima reserva, confidencialidad y secreto sobre la informaci\u00f3n y los datos que acceda en nombre y por cuenta del cliente, en adelante Informaci\u00f3n Confidencial.<br \/>\r\n3.5. El Cliente ser\u00e1 el \u00fanico que decidir\u00e1 sobre la finalidad, el uso de los datos a los que acceda ESSENZIAL.COM<br \/>\r\n3.6. ESSENZIAL.COM \u00fanicamente tratar\u00e1 dichos datos siguiendo las instrucciones del Cliente.<br \/>\r\n3.7. ESSENZIAL.COM se compromete, tras la extinci\u00f3n del presente contrato, a no conservar copia alguna de la Informaci\u00f3n Confidencial.<\/p>\r\n<p style=\"text-align: left;\">Para mayor informaci\u00f3n, puede consultar el Ep\u00edgrafe 15 de nuestro Contrato Est\u00e1ndar de Servicios en la Nube <a href=\"https:\/\/www.essenzial.com\/contrato-servicios-en-la-nube-essenzial\">aqu\u00ed<\/a>.<\/p>\r\n<p>&nbsp;<\/p>\r\n<h4>4. Procesos de selecci\u00f3n.<\/h4>\r\n<p style=\"text-align: left;\">En caso de remitir el curriculum vitae a nuestra Compa\u00f1\u00eda, le comunicamos que los datos personales que nos ha facilitado, ser\u00e1n incorporados en un fichero titularidad de Essenzial Spain, S.L. para evaluar las candidaturas recibidas en el transcurso de los procesos de selecci\u00f3n presentes o futuros.<br \/>\r\nEssenzial Spain, S.L. le garantiza que sus datos ser\u00e1n tratados de manera confidencial e implementar\u00e1 las medidas de seguridad suficientes y adecuadas para garantizar la seguridad de los mismos.<br \/>\r\nAsimismo, le comunicamos que Vd. podr\u00e1 ejercer sus derechos de acceso, rectificaci\u00f3n, cancelaci\u00f3n y oposici\u00f3n otorgados por la normativa vigente en la materia, enviando un escrito a la direcci\u00f3n arriba indicada o al email <a href=\"mailto:admin@essenzial.com\">admin@essenzial.com<\/a>, indicando con claridad el derecho a ejercer y adjuntando copia del DNI o documentaci\u00f3n similar.<\/p>\r\n<p>[\/vc_column_text][\/vc_column][\/vc_row]<\/p>\r\n<\/div>","protected":false},"excerpt":{"rendered":"[vc_row parallax_content=&#8221;parallax_content_value&#8221; parallax_content_sense=&#8221;75&#8243; fadeout_row=&#8221;fadeout_row_value&#8221; fadeout_start_effect=&#8221;20&#8243; seperator_enable=&#8221;off&#8221; el_class=&#8221;fetchprio&#8221; css=&#8221;.vc_custom_1753896885077{background-color: #489DD6 !important;}&#8221;][vc_column][vc_row_inner el_class=&#8221;cabecera-essenzial&#8221;][vc_column_inner][\/vc_column_inner][\/vc_row_inner][\/vc_column][\/vc_row][vc_row css=&#8221;.vc_custom_1615319458608{padding-top: 30px !important;}&#8221;][vc_column][vc_column_text] 1. Tratamiento de datos de car\u00e1cter personal 1.1. Los datos de car\u00e1cter personal que proporcione el Cliente (datos de contacto: nombre, apellidos, direcci\u00f3n postal, direcci\u00f3n de correo electr\u00f3nica) formar\u00e1n parte de un fichero titularidad de la compa\u00f1\u00eda Essenzial Spain, S.L., con [&hellip;]","protected":false},"author":1,"featured_media":0,"parent":0,"menu_order":0,"comment_status":"closed","ping_status":"closed","template":"","meta":{"_acf_changed":false,"footnotes":""},"class_list":["post-15889","page","type-page","status-publish","hentry"],"acf":[],"_links":{"self":[{"href":"https:\/\/www.essenzial.com\/en\/wp-json\/wp\/v2\/pages\/15889","targetHints":{"allow":["GET"]}}],"collection":[{"href":"https:\/\/www.essenzial.com\/en\/wp-json\/wp\/v2\/pages"}],"about":[{"href":"https:\/\/www.essenzial.com\/en\/wp-json\/wp\/v2\/types\/page"}],"author":[{"embeddable":true,"href":"https:\/\/www.essenzial.com\/en\/wp-json\/wp\/v2\/users\/1"}],"replies":[{"embeddable":true,"href":"https:\/\/www.essenzial.com\/en\/wp-json\/wp\/v2\/comments?post=15889"}],"version-history":[{"count":0,"href":"https:\/\/www.essenzial.com\/en\/wp-json\/wp\/v2\/pages\/15889\/revisions"}],"wp:attachment":[{"href":"https:\/\/www.essenzial.com\/en\/wp-json\/wp\/v2\/media?parent=15889"}],"curies":[{"name":"wp","href":"https:\/\/api.w.org\/{rel}","templated":true}]}}