{"id":15887,"date":"2018-01-18T12:57:28","date_gmt":"2018-01-18T10:57:28","guid":{"rendered":"https:\/\/www.essenzial.com?page_id=15887"},"modified":"2025-07-30T19:52:59","modified_gmt":"2025-07-30T17:52:59","slug":"cookies-policy","status":"publish","type":"page","link":"https:\/\/www.essenzial.com\/en\/cookies-policy","title":{"rendered":"Cookies Policy"},"content":{"rendered":"<div class=\"wpb-content-wrapper\">[vc_row parallax_content=&#8221;parallax_content_value&#8221; parallax_content_sense=&#8221;75&#8243; fadeout_row=&#8221;fadeout_row_value&#8221; fadeout_start_effect=&#8221;20&#8243; seperator_enable=&#8221;off&#8221; el_class=&#8221;fetchprio&#8221; css=&#8221;.vc_custom_1753897970314{background-color: #489DD6 !important;}&#8221;][vc_column][vc_row_inner el_class=&#8221;cabecera-essenzial&#8221;][vc_column_inner]<div class=\"Cabecera_Pagina\"><h2>Pol\u00edtica de Cookies<\/h2><\/div>[\/vc_column_inner][\/vc_row_inner][\/vc_column][\/vc_row][vc_row css=&#8221;.vc_custom_1615319446387{padding-top: 30px !important;}&#8221;][vc_column][vc_column_text]\r\n<h4>1. Tipos de datos procesados \/ Enlaces a otras p\u00e1ginas web<\/h4>\r\n<strong>Essenzial.com <\/strong>(en lo sucesivo &#8220;La Web&#8221;) respeta su privacidad. A trav\u00e9s de este Sitio, La Web no recoge ni procesa ning\u00fan tipo de datos personales, <u>excepto<\/u> los recogidos a trav\u00e9s de los formularios de contacto y las cookies, seg\u00fan se explica a continuaci\u00f3n.\r\n\r\nEste Sitio puede contener enlaces a otras p\u00e1ginas web de otras empresas vinculadas o medios sociales. Al pulsar sobre un enlace a otra p\u00e1gina web de La Web o de terceros relacionados, recuerde que estas p\u00e1ginas tienen su propia pol\u00edtica de privacidad. Por favor, antes de usar estas p\u00e1ginas web conozca su pol\u00edtica de privacidad.\r\n\r\nLa Web no asume ninguna responsabilidad de ning\u00fan tipo sobre las p\u00e1ginas web de terceros que aparezcan vinculadas en este Sitio.\r\n<h4>2. Recogida y uso de la informaci\u00f3n<\/h4>\r\nPara mejorar este Sitio, en t\u00e9rminos de rendimiento del sistema y facilidad de uso, as\u00ed como para proporcionar informaci\u00f3n \u00fatil sobre nuestros productos y servicios, recogemos autom\u00e1ticamente y almacenamos informaci\u00f3n en los archivos de registro (log files) de su ordenador.\r\n\r\n<strong><em>\u00bfQu\u00e9 tipo de datos incluye esta informaci\u00f3n?<\/em><\/strong>\r\n<ul>\r\n \t<li>su direcci\u00f3n IP<\/li>\r\n \t<li>tipo de navegador<\/li>\r\n \t<li>idioma seleccionado<\/li>\r\n \t<li>sistema operativo<\/li>\r\n \t<li>proveedor de servicios de Internet (ISP)<\/li>\r\n \t<li>fecha\/hora.<\/li>\r\n<\/ul>\r\n<strong><em>\u00bfCon qu\u00e9 finalidad usamos esta informaci\u00f3n?<\/em><\/strong>\r\n\r\nEsta informaci\u00f3n se emplea de forma global para mejorar la gesti\u00f3n de este Sitio, analizar las tendencias y recoger datos demogr\u00e1ficos sobre nuestros usuarios. La informaci\u00f3n recogida puede ser usada por nuestros servicios de marketing, publicidad y comunicaci\u00f3n (por ejemplo, para optimizar y mejorar la experiencia del usuario y\/o presentar ofertas especiales, estudios estad\u00edsticos y servicios m\u00e1s atractivos).\r\n\r\nSi la informaci\u00f3n no personal es utilizada en combinaci\u00f3n con los Datos Personales, el conjunto es tratado como Datos Personales.\r\n<h4>3. Uso de cookies<\/h4>\r\nPara optimizar nuestros servicios, este Sitio, los mensajes enviados por correo electr\u00f3nico, los servicios online, los anuncios y las aplicaciones interactivas pueden utilizar \u201ccookies\u201d\r\n\r\n<strong><em>\u00bfQu\u00e9 es una cookie?<\/em><\/strong>\r\n\r\nUna cookie es un fichero (peque\u00f1o archivo) que se descarga en su ordenador al acceder a determinadas p\u00e1ginas web, normalmente formado por letras y n\u00fameros, enviado por el servidor de nuestra web al archivo de cookies de su navegador. Las cookies permiten a nuestra p\u00e1gina web, entre otras cosas, almacenar y recuperar informaci\u00f3n sobre sus h\u00e1bitos de navegaci\u00f3n o de su equipo y recordar su presencia al establecerse una nueva conexi\u00f3n entre nuestro servidor y su navegador. El principal prop\u00f3sito de una cookie es permitir a nuestro servidor presentar p\u00e1ginas web personalizadas que puedan convertir la visita a la web de La Web en una experiencia individual y ajustada a las preferencias personales.\r\n\r\n<strong><em>\u00bfQu\u00e9 tipo de cookies emplea este Sitio?<\/em><\/strong>\r\n\r\n1.) <u>La Web emplea dos tipos de cookies en este Sitio seg\u00fan el tiempo de permanencia:<\/u>\r\n\r\n&#8211; Cookies de sesi\u00f3n: son cookies temporales que permanecen en el archivo de cookies de su navegador mientras est\u00e1 en nuestra p\u00e1gina web. Estas cookies son necesarios para ciertas aplicaciones o funciones y permiten que este Sitio funcione adecuadamente.\r\n\r\n&#8211; Cookies persistentes: favorecen la experiencia como usuario (por ejemplo, ofreciendo una navegaci\u00f3n personalizada). Estas cookies permanecen en su navegador durante un periodo de tiempo m\u00e1s amplio. Este periodo depende de los ajustes que haya introducido en su navegador. Las cookies persistentes permiten que la informaci\u00f3n sea transferida al servidor de este Sitio cada vez que lo visita. Tambi\u00e9n se conocen como cookies de seguimiento.\r\n\r\n2.) <u>Seg\u00fan la finalidad para la que se tratan los datos obtenidos, este Sitio emplea los siguientes tipos de cookies<\/u>:\r\n\r\n&#8211; Cookies t\u00e9cnicas: Son aqu\u00e9llas que le permiten la navegaci\u00f3n a trav\u00e9s de una p\u00e1gina web, plataforma o aplicaci\u00f3n y la utilizaci\u00f3n de las diferentes opciones o servicios que en esta existen como, por ejemplo, el control del tr\u00e1fico y la comunicaci\u00f3n de datos, identificar la sesi\u00f3n, acceder a partes de acceso restringido, recordar los elementos que integran un pedido, realizar el proceso de compra de un pedido, realizar la solicitud de inscripci\u00f3n o participaci\u00f3n en un evento, utilizar elementos de seguridad durante la navegaci\u00f3n, almacenar contenidos para la difusi\u00f3n de videos o sonido o compartir contenidos a trav\u00e9s de redes sociales.\r\n\r\n&#8211; Cookies de personalizaci\u00f3n: Son aqu\u00e9llas que le permiten acceder al servicio con algunas caracter\u00edsticas de car\u00e1cter general predefinidas en funci\u00f3n de una serie de criterios en el terminal su (por ejemplo el idioma, el tipo de navegador a trav\u00e9s del cual accede al servicio, la configuraci\u00f3n regional desde donde accede al servicio, etc).\r\n\r\n&#8211; Cookies de an\u00e1lisis: Son aqu\u00e9llas que bien tratadas por nosotros o por terceros, nos permiten cuantificar el n\u00famero de usuarios y as\u00ed realizar la medici\u00f3n y an\u00e1lisis estad\u00edstico de la utilizaci\u00f3n que hacen los usuarios del servicio ofertado. Para ello se analiza su navegaci\u00f3n en nuestra p\u00e1gina web con el fin de mejorar la oferta de productos o servicios que le ofrecemos.\r\n\r\n&#8211; Cookies publicitarias: Son aqu\u00e9llas que, bien tratadas por nosotros o por terceros, nos permiten gestionar de la forma m\u00e1s eficaz posible la oferta de los espacios publicitarios que hay en la p\u00e1gina web, adecuando el contenido del anuncio al contenido del servicio solicitado o al uso que realice de nuestra p\u00e1gina web. Para ello podemos analizar sus h\u00e1bitos de navegaci\u00f3n en Internet y podemos mostrarle publicidad relacionada con su perfil de navegaci\u00f3n.\r\n\r\n&#8211; Cookies de publicidad comportamental: Son aqu\u00e9llas que, bien tratadas por nosotros o por terceros, nos permiten la gesti\u00f3n, de la forma m\u00e1s eficaz posible, de los espacios publicitarios que, en su caso, pudieran estar incluidos en este Sitio desde el que se presta el servicio solicitado. Estas cookies almacenan informaci\u00f3n de su comportamiento obtenida a trav\u00e9s de la observaci\u00f3n continuada de sus h\u00e1bitos de navegaci\u00f3n, lo que nos permite desarrollar un perfil espec\u00edfico para mostrar la publicidad en funci\u00f3n del mismo.\r\n\r\n&nbsp;\r\n\r\n<strong>Cookies propias usadas en la web: <\/strong>\r\n<table width=\"593\">\r\n<tbody>\r\n<tr>\r\n<td width=\"144\"><strong>Cookie<\/strong><\/td>\r\n<td width=\"144\"><strong>Finalidad de la cookie<\/strong><\/td>\r\n<td width=\"161\"><strong>Duraci\u00f3n<\/strong><\/td>\r\n<td width=\"144\"><strong>Descripci\u00f3n de la finalidad de la cookie<\/strong><\/td>\r\n<\/tr>\r\n<tr>\r\n<td width=\"144\">_utma<\/td>\r\n<td width=\"144\">An\u00e1lisis<\/td>\r\n<td width=\"161\">2 a\u00f1os<\/td>\r\n<td width=\"144\">Medici\u00f3n Interna con Google Analytics<\/td>\r\n<\/tr>\r\n<tr>\r\n<td width=\"144\">_utmb<\/td>\r\n<td width=\"144\">An\u00e1lisis<\/td>\r\n<td width=\"161\">1 d\u00eda<\/td>\r\n<td width=\"144\">Medici\u00f3n Interna con Google Analytics<\/td>\r\n<\/tr>\r\n<tr>\r\n<td width=\"144\">_utmc<\/td>\r\n<td width=\"144\">An\u00e1lisis<\/td>\r\n<td width=\"161\">Al finalizar la sesi\u00f3n de navegaci\u00f3n<\/td>\r\n<td width=\"144\">Medici\u00f3n Interna con Google Analytics<\/td>\r\n<\/tr>\r\n<tr>\r\n<td width=\"144\">_utmt<\/td>\r\n<td width=\"144\">Estad\u00edstica<\/td>\r\n<td width=\"161\">1 d\u00eda<\/td>\r\n<td width=\"144\">Establecimiento de estad\u00edsticas de uso de las p\u00e1ginas<\/td>\r\n<\/tr>\r\n<tr>\r\n<td width=\"144\">_utmv<\/td>\r\n<td width=\"144\">An\u00e1lisis<\/td>\r\n<td width=\"161\">1 d\u00eda<\/td>\r\n<td width=\"144\">Almacenamiento de datos de variables personalizadas de visitante<\/td>\r\n<\/tr>\r\n<tr>\r\n<td width=\"144\">_utmz<\/td>\r\n<td width=\"144\">An\u00e1lisis<\/td>\r\n<td width=\"161\">6 meses<\/td>\r\n<td width=\"144\">Medici\u00f3n Interna con Google Analytics<\/td>\r\n<\/tr>\r\n<tr>\r\n<td width=\"144\">_ga<\/td>\r\n<td width=\"144\">An\u00e1lisis<\/td>\r\n<td width=\"161\">2 a\u00f1os<\/td>\r\n<td width=\"144\">Permite distinguir a los Usuarios que navegan por el sitio web pero sin conocer la identidad (Medici\u00f3n Interna con Google Analytics)<\/td>\r\n<\/tr>\r\n<tr>\r\n<td width=\"144\">beng_proxy_session<\/td>\r\n<td width=\"144\">Sesi\u00f3n<\/td>\r\n<td width=\"161\">Al finalizar la sesi\u00f3n de navegaci\u00f3n<\/td>\r\n<td width=\"144\">Control de sesi\u00f3n<\/td>\r\n<\/tr>\r\n<tr>\r\n<td width=\"144\">cdp-cookies-plugin-wp<\/td>\r\n<td width=\"144\">Personalizaci\u00f3n<\/td>\r\n<td width=\"161\">1 a\u00f1o<\/td>\r\n<td width=\"144\">Utilizada para mostrar o no el aviso de pol\u00edtica de cookies seg\u00fan si ya se ha aceptado o no<\/td>\r\n<\/tr>\r\n<\/tbody>\r\n<\/table>\r\n<h4>4. Cookies de terceros<\/h4>\r\nPara mostrar publicidad y realizar el seguimiento de nuestras comunicaciones de marketing, La Web puede usar medios de terceros. Estos usan los cookies para medir la efectividad de los anuncios y personalizar su contenido. La informaci\u00f3n que puede ser recogida por terceros puede incluir datos tales como la localizaci\u00f3n geogr\u00e1fica (a trav\u00e9s de la direcci\u00f3n IP), datos de contacto o, s\u00f3lo si es introducida a trav\u00e9s de este Sitio, la direcci\u00f3n de correo electr\u00f3nico.\r\n<h4>5. Web beacons o pixel tags<\/h4>\r\nEste Sitio utiliza web beacons (tambi\u00e9n denominados \u201cp\u00edxel tags\u201d). Un web beacon es una imagen gr\u00e1fica transparente, normalmente no mayor de 1 x 1 pixel, que se sit\u00faa en una p\u00e1gina web o en un e-mail para monitorizar el comportamiento online del usuario que visita la p\u00e1gina web.\r\n\r\nEstas im\u00e1genes emplean principalmente tecnolog\u00edas de terceros, en el caso de este Sitio se usuan para monitorizar la actividad de los visitantes, como conocer qu\u00e9 p\u00e1ginas del Sitio visita, cu\u00e1ndo y desde d\u00f3nde (pa\u00eds\/ciudad).\r\n<h4>6. Seguimiento y An\u00e1lisis<\/h4>\r\nPara la continua optimizaci\u00f3n de sus comunicaciones de marketing, La Web emplea el software anal\u00edtico Google Analitycs. Esta tecnolog\u00eda permite conocer el comportamiento online del visitante en t\u00e9rminos de tiempo, localizaci\u00f3n geogr\u00e1fica y uso de este Sitio. La informaci\u00f3n se recoge a trav\u00e9s de pixels tags y\/o cookies de seguimiento. Esta informaci\u00f3n es an\u00f3nima, no es vinculada con los datos personales y La Web no la comparte con terceros para su uso independiente. Toda la informaci\u00f3n necesaria para el an\u00e1lisis es almacenada en los servidores en Google.\r\n<h4>7. Habilitaci\u00f3n y deshabilitaci\u00f3n de los cookies y de recursos similares<\/h4>\r\nRecuerde que ciertas funciones y la plena funcionalidad de este Sitio pueden no estar disponibles despu\u00e9s de deshabilitar los cookies.\r\n\r\nPuede usted permitir, bloquear o eliminar las cookies instaladas en su equipo mediante la configuraci\u00f3n de las opciones del navegador instalado en su ordenador.\r\n\r\n&#8211; Si utiliza <strong><u>Mozzilla Firefox :<\/u><\/strong>\r\n<p style=\"padding-left: 30px;\">1: Elija Herramientas y despu\u00e9s, 2. Opciones 3.Haga clic en Privacidad 4. Seleccione o deseleccione la opci\u00f3n Aceptar cookies y la opci\u00f3n Incluso de Terceros.<\/p>\r\n&#8211; Si usa <strong><u>Internet Explorer 8.0<\/u><\/strong>:\r\n<p style=\"padding-left: 30px;\">1: Seleccionar Herramientas \/ Opciones de Internet.\r\n2: Pulsar la solapa Privacidad.\r\n3: Elegir los ajustes deseados.<\/p>\r\n&#8211; Si utiliza <strong><u>Internet Explorer 5.0:<\/u><\/strong>\r\n<p style=\"padding-left: 30px;\">1. Elija Herramientas y, despu\u00e9s, 2. Opciones de Internet. 3. Haga clic en la ficha Seguridad, 4. en Internet y, por \u00faltimo, en Nivel personalizado. 5. Vaya a Cookies y elija una de las dos opciones.<\/p>\r\n&#8211; Si utiliza <strong><u>Internet Explorer 4.0:<\/u><\/strong>\r\n<p style=\"padding-left: 30px;\">1. Elija Ver y, despu\u00e9s,\r\n2. Opciones de Internet.\r\n3. Haga clic en la ficha Avanzadas,\r\n4. vaya al icono con un signo de exclamaci\u00f3n amarillo que se encuentra en Seguridad y elija una de las tres opciones para regular el uso de cookies. En <u>Internet Explorer 3.0<\/u>, puede hacer clic en Ver, Opciones, Avanzadas y en el bot\u00f3n Avisar antes de aceptar &#8220;cookies&#8221;.<\/p>\r\n&#8211; Si utiliza <strong><u>Netscape Communicator 4.0<\/u><\/strong>:\r\n<p style=\"padding-left: 30px;\">en la barra de tareas, haga clic en:\r\n1. Edit, en 2. Preferences y, despu\u00e9s, en 3. Advanced. 4. Establezca las opciones que desee en el cuadro que tiene la etiqueta &#8220;Cookies&#8221;.<\/p>\r\n&#8211; Si utiliza <strong><u>Google Chrome:<\/u><\/strong>\r\n<p style=\"padding-left: 30px;\">1. Haga clic en el icono de men\u00fa de Google Chrome Chrome;\r\n2 Seleccione Configuraci\u00f3n,\r\n3. Haga clic en Mostrar opciones avanzadas&#8230;, que encontrar\u00e1 hacia el final de la p\u00e1gina;\r\n4. En la secci\u00f3n &#8220;Privacidad&#8221;, haga clic en Configuraci\u00f3n de contenido&#8230;\r\n5. Para deshabilitar o habilitar las cookies, pulse la casilla \u201cBloquear los datos de sitios y las cookies de terceros&#8221;. Para permitir cookies de origen y de terceros, selecciona la opci\u00f3n Permitir que se establezcan datos locales. Si solo quieres aceptar cookies de origen, activa la casilla de verificaci\u00f3n situada junto a &#8220;Bloquear los datos de sitios y las cookies de terceros&#8221;.<\/p>\r\n&nbsp;\r\n<h4>8. Cambios en nuestra Pol\u00edtica de Privacidad<\/h4>\r\nCualquier cambio que en el futuro podamos introducir en nuestra pol\u00edtica de privacidad ser\u00e1 comunicado en esta p\u00e1gina. De este modo, podr\u00e1 comprobar regularmente las actualizaciones o cambios en nuestra pol\u00edtica de privacidad.\r\n<h4>9. Contacto<\/h4>\r\n<h5>Datos\u00a0de Essenzial Spain, S.L.:<\/h5>\r\nInscrita en el Registro Mercantil de Madrid en el Tomo: 30631, Folio: 52, Secci\u00f3n: 8, Hoja: M-551275, C.I.F. B-86617172.\r\nDirecci\u00f3n: C\/ Luis Bu\u00f1uel, 2 &#8211; planta 0, oficina F (Edificio EGEDA &#8211; Ciudad de la Imagen) &#8211; 28223 Pozuelo de Alarc\u00f3n &#8211; Madrid \u2013 Espa\u00f1a\r\nTel. [+34] 919 61 27 14 \/ [+34] 618 55 44 93 Correo electr\u00f3nico: <a href=\"mailto:admin@essenzial.com\">admin@essenzial.com<\/a>\r\n\r\nTambi\u00e9n puede contactar con nosotros para acceder a cualquier informaci\u00f3n personal que hayamos recogido a trav\u00e9s de este Sitio o para ejercer su derecho de rectificaci\u00f3n, bloqueo o anulaci\u00f3n de esta informaci\u00f3n.\r\n\r\nConsulte nuestras Condiciones de Uso o Aviso Legal para conocer todos los datos referentes al propietario de la Web.\r\n\r\nLa Web realiza todos los esfuerzos razonables para asegurar que el contenido del Sitio es preciso y vigente.\r\n<h4>Notas adicionales<\/h4>\r\n<ul>\r\n \t<li>Ni esta web ni sus representantes legales se hacen responsables ni del contenido ni de la veracidad de las pol\u00edticas de privacidad que puedan tener los terceros mencionados en esta pol\u00edtica de <em>cookies<\/em>.<\/li>\r\n \t<li>Los navegadores web son las herramientas encargadas de almacenar las <em>cookies<\/em> y desde este lugar debe efectuar su derecho a eliminaci\u00f3n o desactivaci\u00f3n de las mismas. Ni esta web ni sus representantes legales pueden garantizar la correcta o incorrecta manipulaci\u00f3n de las <em>cookies<\/em> por parte de los mencionados navegadores.<\/li>\r\n \t<li>En algunos casos es necesario instalar <em>cookies<\/em> para que el navegador no olvide su decisi\u00f3n de no aceptaci\u00f3n de las mismas.<\/li>\r\n \t<li>En el caso de las <em>cookies<\/em> de Google Analytics, esta empresa almacena las <em>cookies<\/em> en servidores ubicados en Estados Unidos y se compromete a no compartirla con terceros, excepto en los casos en los que sea necesario para el funcionamiento del sistema o cuando la ley obligue a tal efecto. Seg\u00fan Google no guarda su direcci\u00f3n IP. Google Inc. es una compa\u00f1\u00eda adherida al Acuerdo de Puerto Seguro que garantiza que todos los datos transferidos ser\u00e1n tratados con un nivel de protecci\u00f3n acorde a la normativa europea. Puede consultar informaci\u00f3n detallada a este respecto <a href=\"http:\/\/safeharbor.export.gov\/companyinfo.aspx?id=16626\" target=\"_blank\" rel=\"noopener noreferrer\">en este enlace<\/a>. Si desea informaci\u00f3n sobre el uso que Google da a las cookies <a href=\"https:\/\/developers.google.com\/analytics\/devguides\/collection\/analyticsjs\/cookie-usage?hl=es&amp;csw=1\" target=\"_blank\" rel=\"noopener noreferrer\">le adjuntamos este otro enlace<\/a>.<\/li>\r\n \t<li>Para cualquier duda o consulta acerca de esta pol\u00edtica de <em>cookies<\/em> no dude en comunicarse con nosotros a trav\u00e9s de la secci\u00f3n de contacto.<\/li>\r\n<\/ul>\r\n[\/vc_column_text][\/vc_column][\/vc_row]<\/div>","protected":false},"excerpt":{"rendered":"[vc_row parallax_content=&#8221;parallax_content_value&#8221; parallax_content_sense=&#8221;75&#8243; fadeout_row=&#8221;fadeout_row_value&#8221; fadeout_start_effect=&#8221;20&#8243; seperator_enable=&#8221;off&#8221; el_class=&#8221;fetchprio&#8221; css=&#8221;.vc_custom_1753897970314{background-color: #489DD6 !important;}&#8221;][vc_column][vc_row_inner el_class=&#8221;cabecera-essenzial&#8221;][vc_column_inner][\/vc_column_inner][\/vc_row_inner][\/vc_column][\/vc_row][vc_row css=&#8221;.vc_custom_1615319446387{padding-top: 30px !important;}&#8221;][vc_column][vc_column_text] 1. Tipos de datos procesados \/ Enlaces a otras p\u00e1ginas web Essenzial.com (en lo sucesivo &#8220;La Web&#8221;) respeta su privacidad. A trav\u00e9s de este Sitio, La Web no recoge ni procesa ning\u00fan tipo de datos personales, excepto los recogidos a trav\u00e9s [&hellip;]","protected":false},"author":1,"featured_media":0,"parent":0,"menu_order":0,"comment_status":"closed","ping_status":"closed","template":"","meta":{"_acf_changed":false,"footnotes":""},"class_list":["post-15887","page","type-page","status-publish","hentry"],"acf":[],"_links":{"self":[{"href":"https:\/\/www.essenzial.com\/en\/wp-json\/wp\/v2\/pages\/15887","targetHints":{"allow":["GET"]}}],"collection":[{"href":"https:\/\/www.essenzial.com\/en\/wp-json\/wp\/v2\/pages"}],"about":[{"href":"https:\/\/www.essenzial.com\/en\/wp-json\/wp\/v2\/types\/page"}],"author":[{"embeddable":true,"href":"https:\/\/www.essenzial.com\/en\/wp-json\/wp\/v2\/users\/1"}],"replies":[{"embeddable":true,"href":"https:\/\/www.essenzial.com\/en\/wp-json\/wp\/v2\/comments?post=15887"}],"version-history":[{"count":0,"href":"https:\/\/www.essenzial.com\/en\/wp-json\/wp\/v2\/pages\/15887\/revisions"}],"wp:attachment":[{"href":"https:\/\/www.essenzial.com\/en\/wp-json\/wp\/v2\/media?parent=15887"}],"curies":[{"name":"wp","href":"https:\/\/api.w.org\/{rel}","templated":true}]}}